{"id":366,"date":"2022-06-09T09:23:21","date_gmt":"2022-06-09T13:23:21","guid":{"rendered":"http:\/\/pralca.com.ve\/wp3\/?page_id=366"},"modified":"2025-01-07T11:20:14","modified_gmt":"2025-01-07T15:20:14","slug":"quienes-somos","status":"publish","type":"page","link":"https:\/\/pralca.com.ve\/?page_id=366","title":{"rendered":"\u00bfQui\u00e9nes Somos?"},"content":{"rendered":"<p><img fetchpriority=\"high\" decoding=\"async\" class=\"wp-image-45 aligncenter\" src=\"http:\/\/pralca.com.ve\/wp3\/wp-content\/uploads\/2022\/03\/cropped-Planta-2-pequena.jpg\" alt=\"\" width=\"496\" height=\"186\" srcset=\"https:\/\/pralca.com.ve\/wp-content\/uploads\/2022\/03\/cropped-Planta-2-pequena.jpg 1600w, https:\/\/pralca.com.ve\/wp-content\/uploads\/2022\/03\/cropped-Planta-2-pequena-300x113.jpg 300w, https:\/\/pralca.com.ve\/wp-content\/uploads\/2022\/03\/cropped-Planta-2-pequena-1024x384.jpg 1024w, https:\/\/pralca.com.ve\/wp-content\/uploads\/2022\/03\/cropped-Planta-2-pequena-768x288.jpg 768w, https:\/\/pralca.com.ve\/wp-content\/uploads\/2022\/03\/cropped-Planta-2-pequena-1536x576.jpg 1536w\" sizes=\"(max-width: 496px) 100vw, 496px\" \/><\/p>\n<p>&nbsp;<\/p>\n<p style=\"font-weight: 400; text-align: justify;\"><span style=\"font-family: arial, helvetica, sans-serif;\"><span style=\"color: #ff0000;\"><strong>Productora de Alcoholes Hidratados C.A. (Pralca)<\/strong><\/span>\u00a0fue creada en el a\u00f1o 1973 por\u00a0<strong>iniciativa<\/strong>\u00a0del\u00a0<strong>Instituto Venezolano de Petroqu\u00edmica (IVP)<\/strong>, ente adscrito al Ministerio de Minas e Hidrocarburos (actualmente con el nombre de Ministerio del Poder Popular de Hidrocarburos). \u00a0<strong>IVP<\/strong>, por su parte, \u00a0se denomina hoy d\u00eda como\u00a0<strong>Petroqu\u00edmica de Venezuela S. A. (Pequiven)<\/strong>.<\/span><\/p>\n<p style=\"font-weight: 400; text-align: justify;\"><span style=\"font-family: arial, helvetica, sans-serif;\">El capital accionario es el siguiente:\u00a0<strong>Pequiven<\/strong>\u00a0posee un porcentaje de\u00a0<strong>49,00%, Sofilago, S. A.,\u00a0<\/strong>tiene el\u00a0<strong>41,62%<\/strong>\u00a0 de las acciones, mientras que\u00a0<strong>International Petrochemical Holding LTD. (IPHL)<\/strong>\u00a0cuenta con el\u00a0<strong>9,38%.<\/strong>\u00a0Estas dos \u00faltimas empresas pertenecen en su totalidad a la estatal petroqu\u00edmica, <strong>lo que convierte a Pralca en una organizaci\u00f3n que es propiedad en un 100% del Estado venezolano<\/strong>.<\/span><\/p>\n<p style=\"font-weight: 400; text-align: justify;\"><span style=\"font-family: arial, helvetica, sans-serif;\">El\u00a0inici\u00f3 de las operaciones productivas fue el 26 de marzo de 1993, siendo la \u00fanica planta de su tipo en Venezuela, lo que fortalece la econom\u00eda nacional, debido a que gracias a sus productos manufacturados pueden ser desarrollados los sectores: industrial, farmac\u00e9utico y automotriz del pa\u00eds; de igual forma, se promueve la exportaci\u00f3n de los Glicoles de Etileno.<\/span><\/p>\n<p style=\"font-weight: 400; text-align: justify;\"><span style=\"font-family: arial, helvetica, sans-serif;\">Se encuentra ubicada en el sector Punta Camacho, municipio Santa Rita del estado Zulia.<\/span><\/p>\n<p style=\"font-weight: 400; text-align: justify;\"><span style=\"font-family: arial, helvetica, sans-serif;\">En el proceso productivo utiliza como materia prima: el Etileno y el Ox\u00edgeno.<\/span><\/p>\n<p style=\"font-weight: 400; text-align: justify;\"><span style=\"font-family: arial, helvetica, sans-serif;\"><strong>Etileno:<\/strong>\u00a0Suministrado por Pequiven desde las plantas de Olefinas, localizadas en el Complejo Petroqu\u00edmico Ana Mar\u00eda Campos.<\/span><\/p>\n<p style=\"font-weight: 400; text-align: justify;\"><span style=\"font-family: arial, helvetica, sans-serif;\"><strong>Ox\u00edgeno:<\/strong>\u00a0Suplido por AGA Gas C.A. Linde, localizada en una zona adyacente al Complejo Petroqu\u00edmico Ana Mar\u00eda Campos.<\/span><\/p>\n<p>&nbsp;<\/p>\n<p>&nbsp;<\/p>\n<p>&nbsp;<\/p>\n<p>&nbsp;<\/p>\n<p>&nbsp;<\/p>\n<p>&nbsp;<\/p>\n","protected":false},"excerpt":{"rendered":"<p>&nbsp; Productora de Alcoholes Hidratados C.A. (Pralca)\u00a0fue creada en el a\u00f1o 1973 por\u00a0iniciativa\u00a0del\u00a0Instituto Venezolano de Petroqu\u00edmica (IVP), ente adscrito al Ministerio de Minas e Hidrocarburos (actualmente con el nombre de Ministerio del Poder Popular de Hidrocarburos). \u00a0IVP, por su parte, \u00a0se denomina hoy d\u00eda como\u00a0Petroqu\u00edmica de Venezuela S. A. (Pequiven). El capital accionario es el [&hellip;]<\/p>\n","protected":false},"author":1,"featured_media":0,"parent":0,"menu_order":0,"comment_status":"closed","ping_status":"closed","template":"","meta":{"footnotes":""},"class_list":["post-366","page","type-page","status-publish","hentry"],"_links":{"self":[{"href":"https:\/\/pralca.com.ve\/index.php?rest_route=\/wp\/v2\/pages\/366","targetHints":{"allow":["GET"]}}],"collection":[{"href":"https:\/\/pralca.com.ve\/index.php?rest_route=\/wp\/v2\/pages"}],"about":[{"href":"https:\/\/pralca.com.ve\/index.php?rest_route=\/wp\/v2\/types\/page"}],"author":[{"embeddable":true,"href":"https:\/\/pralca.com.ve\/index.php?rest_route=\/wp\/v2\/users\/1"}],"replies":[{"embeddable":true,"href":"https:\/\/pralca.com.ve\/index.php?rest_route=%2Fwp%2Fv2%2Fcomments&post=366"}],"version-history":[{"count":9,"href":"https:\/\/pralca.com.ve\/index.php?rest_route=\/wp\/v2\/pages\/366\/revisions"}],"predecessor-version":[{"id":1108,"href":"https:\/\/pralca.com.ve\/index.php?rest_route=\/wp\/v2\/pages\/366\/revisions\/1108"}],"wp:attachment":[{"href":"https:\/\/pralca.com.ve\/index.php?rest_route=%2Fwp%2Fv2%2Fmedia&parent=366"}],"curies":[{"name":"wp","href":"https:\/\/api.w.org\/{rel}","templated":true}]}}