{"id":7,"date":"2022-03-08T15:34:22","date_gmt":"2022-03-08T15:34:22","guid":{"rendered":"http:\/\/pralca.com.ve\/wp3\/about\/"},"modified":"2025-09-19T13:42:38","modified_gmt":"2025-09-19T17:42:38","slug":"12345-2","status":"publish","type":"page","link":"https:\/\/pralca.com.ve\/?page_id=7","title":{"rendered":"Gesti\u00f3n Estrat\u00e9gica"},"content":{"rendered":"\r\n<h2 class=\"wp-block-heading\"><img decoding=\"async\" class=\"wp-image-136 aligncenter\" style=\"width: 370px;\" src=\"http:\/\/pralca.com.ve\/wp3\/wp-content\/uploads\/2022\/05\/Edificio-frente-pequeno-2.jpg\" alt=\"\" height=\"277\" srcset=\"https:\/\/pralca.com.ve\/wp-content\/uploads\/2022\/05\/Edificio-frente-pequeno-2.jpg 1024w, https:\/\/pralca.com.ve\/wp-content\/uploads\/2022\/05\/Edificio-frente-pequeno-2-300x225.jpg 300w, https:\/\/pralca.com.ve\/wp-content\/uploads\/2022\/05\/Edificio-frente-pequeno-2-768x576.jpg 768w\" sizes=\"(max-width: 1024px) 100vw, 1024px\" \/><\/h2>\r\n\r\n\r\n\r\n\r\n\r\n\r\n\r\n<h2 class=\"wp-block-heading\">\u00a0<\/h2>\r\n<h2 style=\"text-align: justify;\"><span style=\"font-family: arial, helvetica, sans-serif;\"><strong><span style=\"font-size: 18pt;\">Misi\u00f3n<\/span><\/strong><\/span><\/h2>\r\n<h2 style=\"text-align: justify;\"><span style=\"font-family: arial, helvetica, sans-serif;\"><strong><span style=\"font-size: 18pt;\">\r\n\r\n<\/span><\/strong><\/span><\/h2>\r\n<p style=\"text-align: justify;\"><span style=\"font-family: arial, helvetica, sans-serif;\">Somos una empresa petroqu\u00edmica productora de \u00d3xido y Glicoles de Etileno con eficiencia y de alta calidad, dirigida a satisfacer la demanda del parque industrial, automotriz, textil y farmac\u00e9utico nacional e internacional, para lograr la soberan\u00eda econ\u00f3mica, tecnol\u00f3gica y de innovaci\u00f3n, que generan nuevas l\u00edneas de negocio, alcanzando el desarrollo sostenible de la naci\u00f3n, con un talento humano capacitado, apegado a los valores organizacionales y comprometido con nuestro pa\u00eds.<\/span><\/p>\r\n<p>&nbsp;<\/p>\r\n<h2 style=\"text-align: justify;\"><span style=\"font-family: arial, helvetica, sans-serif;\"><strong><span style=\"font-size: 18pt;\">Visi\u00f3n<\/span><\/strong><\/span><\/h2>\r\n<p><span style=\"font-family: arial, helvetica, sans-serif;\">\r\n\r\n<\/span><\/p>\r\n<p style=\"text-align: justify;\"><span style=\"font-family: arial, helvetica, sans-serif;\">Ser una empresa con posicionamiento nacional e internacional, en la comercializaci\u00f3n de \u00d3xido y Glicoles de Etileno, para contribuir en la transformaci\u00f3n de Venezuela en una potencia petroqu\u00edmica mundial.<\/span><\/p>\r\n<p><span style=\"font-family: arial, helvetica, sans-serif;\">\r\n\r\n<\/span><\/p>\r\n<p class=\"has-white-color has-text-color\" style=\"text-align: justify;\">\u00a0<\/p>\r\n<p><span style=\"font-family: arial, helvetica, sans-serif;\">\r\n\r\n\r\n\r\n\r\n\r\n\r\n\r\n\r\n\r\n<\/span><\/p>\r\n<h2 class=\"wp-block-heading\"><span style=\"font-family: arial, helvetica, sans-serif;\"><strong><span style=\"font-size: 18pt;\">Valores<\/span><\/strong><\/span><\/h2>\r\n<p><span style=\"font-family: arial, helvetica, sans-serif;\">\r\n\r\n<\/span><\/p>\r\n<ul class=\"wp-block-list\">\r\n<li><span style=\"font-family: arial, helvetica, sans-serif;\">Honestidad.<\/span><\/li>\r\n<li><span style=\"font-family: arial, helvetica, sans-serif;\">Humildad.<\/span><\/li>\r\n<li><span style=\"font-family: arial, helvetica, sans-serif;\">Lealtad.<\/span><\/li>\r\n<li><span style=\"font-family: arial, helvetica, sans-serif;\">Sentido de Pertenencia.<\/span><\/li>\r\n<li><span style=\"font-family: arial, helvetica, sans-serif;\">Trabajo en Equipo.<\/span><\/li>\r\n<li><span style=\"font-family: arial, helvetica, sans-serif;\">Sensibilidad Humana.<\/span><\/li>\r\n<li><span style=\"font-family: arial, helvetica, sans-serif;\">Respeto.<\/span><\/li>\r\n<li><span style=\"font-family: arial, helvetica, sans-serif;\">Responsabilidad.<\/span><\/li>\r\n<li><span style=\"font-family: arial, helvetica, sans-serif;\">Seguridad.<\/span><\/li>\r\n<\/ul>\r\n<p><span style=\"font-family: arial, helvetica, sans-serif;\">\r\n\r\n<\/span><\/p>\r\n<p>&nbsp;<\/p>\r\n<h2><span style=\"font-family: arial, helvetica, sans-serif;\"><strong><span style=\"font-size: 18pt;\">Pol\u00edtica Integrada Pralca<\/span><\/strong><\/span><\/h2>\r\n<p><span style=\"font-family: arial, helvetica, sans-serif;\">\r\n\r\n<\/span><\/p>\r\n<p style=\"text-align: justify;\"><span style=\"font-family: arial, helvetica, sans-serif;\">Pralca, empresa petroqu\u00edmica especializada en la producci\u00f3n y comercializaci\u00f3n de \u00d3xido de Etileno y Glicoles de Etileno (MEG, DEG, TEG y CEG), desarrolla sus procesos con altos est\u00e1ndares de eficiencia y eficacia del sistema integrado de gesti\u00f3n constituido por calidad, medio ambiente, seguridad y salud en el trabajo y calidad en su laboratorio. Se orienta a satisfacer las necesidades y expectativas de los clientes y otras partes interesadas con la visi\u00f3n de ser una empresa con posicionamiento nacional e internacional dentro de la gama de sus productos y servicios.<\/span><\/p>\r\n<p style=\"text-align: justify;\"><span style=\"font-family: arial, helvetica, sans-serif;\">Pralca, consciente de los compromisos que contrae con sus clientes, trabajadores y dem\u00e1s partes interesadas considera la calidad, el medio ambiente, la seguridad y salud en el trabajo, la conciliaci\u00f3n de la vida personal y laboral, factores prioritarios para el desarrollo de sus actividades. Igualmente, considera la informaci\u00f3n como un activo de importancia fundamental para las operaciones diarias, y establece los medios necesarios que aseguran la identificaci\u00f3n, disponibilidad, idoneidad, protecci\u00f3n, confidencialidad y trazabilidad de la informaci\u00f3n determinada, creada, actualizada, controlada, mantenida y conservada en sus sistemas de informaci\u00f3n locales y remotos.<\/span><\/p>\r\n<p style=\"text-align: justify;\"><span style=\"font-family: arial, helvetica, sans-serif;\">El sistema integrado de gesti\u00f3n de Pralca, coherente con su prop\u00f3sito, se sustenta en los siguientes compromisos que han de servir a la organizaci\u00f3n para el logro de sus objetivos y a todos sus trabajadores como marco de referencia en el desarrollo de su actividad laboral:<\/span><\/p>\r\n<ul style=\"text-align: justify;\">\r\n<li><span style=\"font-family: arial, helvetica, sans-serif;\">Aseguramiento de la excelencia operativa a trav\u00e9s de la mejora continua del sistema integrado de gesti\u00f3n, basado en las normas ISO 9001:2015, ISO 14001:2015, ISO 45001:2018 e ISO \/ IEC 17025:2017, apoyado en la participaci\u00f3n de todo el personal y el compromiso de la alta direcci\u00f3n.<\/span><\/li>\r\n<li><span style=\"font-family: arial, helvetica, sans-serif;\">Aseguramiento de la calidad de productos y servicios en t\u00e9rminos de confiabilidad, oportunidad y seguridad.<\/span><\/li>\r\n<li><span style=\"font-family: arial, helvetica, sans-serif;\">Satisfacci\u00f3n de los requisitos de los clientes, trabajadores y dem\u00e1s partes interesadas.<\/span><\/li>\r\n<li><span style=\"font-family: arial, helvetica, sans-serif;\">Atenci\u00f3n a las personas, principal motor de nuestra organizaci\u00f3n, comprometi\u00e9ndonos a favorecer la igualdad de trato y de oportunidades de todos los trabajadores de Pralca, como principio b\u00e1sico y transversal en la gesti\u00f3n humana.<\/span><\/li>\r\n<li><span style=\"font-family: arial, helvetica, sans-serif;\">Provisi\u00f3n de los recursos, la formaci\u00f3n, la sensibilizaci\u00f3n, la consulta y la participaci\u00f3n de nuestros trabajadores en la gesti\u00f3n de la calidad, el ambiente y la seguridad y salud en el trabajo, para su adecuado desempe\u00f1o.<\/span><\/li>\r\n<li><span style=\"font-family: arial, helvetica, sans-serif;\">Provisi\u00f3n de un entorno de trabajo seguro y saludable para todos los miembros de la organizaci\u00f3n y de aquellos que tengan acceso al lugar de trabajo, mediante la eliminaci\u00f3n de peligros y reducci\u00f3n de los riesgos laborales, promoci\u00f3n de comportamientos de autocuidado, cuidado mutuo y el respeto; con la finalidad de asegurar la prevenci\u00f3n de enfermedades y accidentes relacionados con el trabajo.<\/span><\/li>\r\n<li><span style=\"font-family: arial, helvetica, sans-serif;\">Desarrollo de relaciones flexibles y transparentes con nuestros trabajadores, cooperando con ellos en la coordinaci\u00f3n de actividades empresariales, para un conocimiento efectivo de los riesgos, el desarrollo de medidas de protecci\u00f3n y prevenci\u00f3n eficaces.<\/span><\/li>\r\n<li><span style=\"font-family: arial, helvetica, sans-serif;\">Promoci\u00f3n de la consulta y participaci\u00f3n de los trabajadores y sus representantes.<\/span><\/li>\r\n<li><span style=\"font-family: arial, helvetica, sans-serif;\">Promoci\u00f3n de la protecci\u00f3n y conservaci\u00f3n del medio ambiente, mediante la prevenci\u00f3n de la contaminaci\u00f3n, cumplimiento de los compromisos ambientales y gesti\u00f3n de los aspectos e impactos ambientales relacionados a nuestras operaciones, productos y servicios.<\/span><\/li>\r\n<li><span style=\"font-family: arial, helvetica, sans-serif;\">Promoci\u00f3n de la toma de conciencia a nuestros trabajadores y personal contratista en el cumplimiento de los objetivos y metas establecidas por la empresa en relaci\u00f3n al sistema integrado de gesti\u00f3n.<\/span><\/li>\r\n<li><span style=\"font-family: arial, helvetica, sans-serif;\">Seguimiento a las cuestiones que conforman el contexto de la organizaci\u00f3n, reaccionando ante cualquier cambio presentado en dicho contexto.<\/span><\/li>\r\n<li><span style=\"font-family: arial, helvetica, sans-serif;\">Mantenimiento de la integridad de los procesos; promoviendo los valores organizacionales, siguiendo las leyes aplicables y el c\u00f3digo de \u00e9tica.<\/span><\/li>\r\n<li><span style=\"font-family: arial, helvetica, sans-serif;\">Cumplimiento con las leyes y los requisitos aplicables a nuestras actividades y dem\u00e1s suscritos por la organizaci\u00f3n.<\/span><\/li>\r\n<li><span style=\"font-family: arial, helvetica, sans-serif;\">Promoci\u00f3n de la mejora continua en la organizaci\u00f3n a fin de optimizar y contribuir al desempe\u00f1o del sistema integrado de gesti\u00f3n, asegurando la integraci\u00f3n de sus elementos con otros sistemas.<\/span><\/li>\r\n<li><span style=\"font-family: arial, helvetica, sans-serif;\">Implementaci\u00f3n de un modelo de investigaci\u00f3n y desarrollo abierto, de donde se generen nuevas l\u00edneas de negocio para la empresa, para el aprovechamiento de las materias primas nacionales y la producci\u00f3n.<\/span><\/li>\r\n<li><span style=\"font-family: arial, helvetica, sans-serif;\">Consolidaci\u00f3n de una red de mercado nacional para los productos elaborados por Pralca (\u00d3xido de Etileno y Glicoles de Etileno (MEG, DEG, TEG y CEG)), que permita abastecer toda la demanda de dichos productos.<\/span><\/li>\r\n<\/ul>\r\n<p style=\"text-align: justify;\"><span style=\"font-family: arial, helvetica, sans-serif;\">La organizaci\u00f3n cuenta con personal calificado, tecnolog\u00eda apropiada y una estructura organizacional adecuada para el cumplimiento de estos compromisos.<\/span><\/p>\r\n<p style=\"text-align: justify;\">\u00a0<\/p>\r\n<p><span style=\"font-family: arial, helvetica, sans-serif;\">\r\n\r\n<\/span><\/p>\r\n<h2 style=\"text-align: justify;\"><span style=\"font-family: arial, helvetica, sans-serif;\"><strong><span style=\"font-size: 18pt;\">Alcance del Sistema Integrado de Gesti\u00f3n<\/span><\/strong><\/span><\/h2>\r\n<p style=\"text-align: justify;\"><span style=\"font-family: arial, helvetica, sans-serif;\">\r\n\r\n<\/span><\/p>\r\n<p style=\"text-align: justify;\"><span style=\"font-family: arial, helvetica, sans-serif;\">El alcance del Sistema Integrado de Gesti\u00f3n de Pralca incluye las Normas ISO 9001:2015, ISO 14001:2015, ISO 45001:2018, ISO\/IEC 17025:2017 y otras normas que regulen su implementaci\u00f3n en toda la organizaci\u00f3n, para la producci\u00f3n de alcoholes hidratados: \u00d3xido de Etileno (EO), Monoetil\u00e9nglicol (MEG), Dietil\u00e9nglicol (DEG), Trietil\u00e9nglicol (TEG) y Colas de glicol (CEG).<\/span><\/p>\r\n<p style=\"text-align: justify;\"><span style=\"font-family: arial, helvetica, sans-serif;\">Los l\u00edmites f\u00edsicos del Sistema Integrado de Gesti\u00f3n se enmarcan dentro del per\u00edmetro de la planta (Avenida Pedro Lucas Urribarri, sector Punta Camacho, municipio Santa Rita, estado Zulia), teniendo en cuenta la infraestructura, actividades de la organizaci\u00f3n, pol\u00edticas, estrategias, procesos, productos y servicios.<\/span><\/p>\r\n<p style=\"text-align: justify;\"><span style=\"font-family: arial, helvetica, sans-serif;\">Este alcance considera las cuestiones externas e internas determinadas a trav\u00e9s del an\u00e1lisis de fortalezas, oportunidades, debilidades y amenazas en los macroprocesos estrat\u00e9gicos, medulares y de apoyo de la empresa, entendi\u00e9ndose por estos, las unidades de: Manufactura, Mantenimiento, T\u00e9cnico, Comercializaci\u00f3n, Seguridad Industrial, Ambiente e Higiene Ocupacional, (SIAHO), Asuntos P\u00fablicos, Desarrollo Social, Gesti\u00f3n Humana, Gesti\u00f3n Integrada, Auditor\u00eda Interna, Asuntos Legales, Servicios Generales, Salud, Prevenci\u00f3n y Control de P\u00e9rdidas, Contrataciones, Telecomunicaciones e Inform\u00e1tica, Finanzas, considerando todas las funciones desempe\u00f1adas dentro de estos macroprocesos.<\/span><\/p>\r\n<p style=\"text-align: justify;\"><span style=\"font-family: arial, helvetica, sans-serif;\">En la planificaci\u00f3n del Sistema Integrado de Gesti\u00f3n se tienen en cuenta los requisitos de las partes interesadas al mismo, as\u00ed como sus necesidades y expectativas. Dichos grupos de inter\u00e9s se comprenden de Gobiernos, Clientes, Proveedores, Trabajadores, Comunidad, Organismos Reguladores, la Casa Matriz y otras partes interesadas. Dentro de este marco de an\u00e1lisis, se integran los requisitos aplicables a la empresa.<\/span><\/p>\r\n<p style=\"text-align: justify;\"><span style=\"font-family: arial, helvetica, sans-serif;\">Pralca, tiene la capacidad de ejercer autoridad e influencia incluyendo al personal que trabaje en nombre de dicha organizaci\u00f3n (contratistas) en su Sistema Integrado de Gesti\u00f3n, a partir de la definici\u00f3n de responsabilidades relacionadas al mismo en los diferentes niveles y funciones de su estructura, considerando las actividades de los sectores que aplican. Dichas responsabilidades se encuentran expresadas en la informaci\u00f3n documentada declarada.<\/span><\/p>\r\n\r\n\r\n\r\n<p style=\"text-align: justify;\">\u00a0<\/p>\r\n","protected":false},"excerpt":{"rendered":"<p>\u00a0 Misi\u00f3n Somos una empresa petroqu\u00edmica productora de \u00d3xido y Glicoles de Etileno con eficiencia y de alta calidad, dirigida a satisfacer la demanda del parque industrial, automotriz, textil y farmac\u00e9utico nacional e internacional, para lograr la soberan\u00eda econ\u00f3mica, tecnol\u00f3gica y de innovaci\u00f3n, que generan nuevas l\u00edneas de negocio, alcanzando el desarrollo sostenible de la [&hellip;]<\/p>\n","protected":false},"author":1,"featured_media":0,"parent":0,"menu_order":0,"comment_status":"closed","ping_status":"closed","template":"","meta":{"footnotes":""},"class_list":["post-7","page","type-page","status-publish","hentry"],"_links":{"self":[{"href":"https:\/\/pralca.com.ve\/index.php?rest_route=\/wp\/v2\/pages\/7","targetHints":{"allow":["GET"]}}],"collection":[{"href":"https:\/\/pralca.com.ve\/index.php?rest_route=\/wp\/v2\/pages"}],"about":[{"href":"https:\/\/pralca.com.ve\/index.php?rest_route=\/wp\/v2\/types\/page"}],"author":[{"embeddable":true,"href":"https:\/\/pralca.com.ve\/index.php?rest_route=\/wp\/v2\/users\/1"}],"replies":[{"embeddable":true,"href":"https:\/\/pralca.com.ve\/index.php?rest_route=%2Fwp%2Fv2%2Fcomments&post=7"}],"version-history":[{"count":27,"href":"https:\/\/pralca.com.ve\/index.php?rest_route=\/wp\/v2\/pages\/7\/revisions"}],"predecessor-version":[{"id":1436,"href":"https:\/\/pralca.com.ve\/index.php?rest_route=\/wp\/v2\/pages\/7\/revisions\/1436"}],"wp:attachment":[{"href":"https:\/\/pralca.com.ve\/index.php?rest_route=%2Fwp%2Fv2%2Fmedia&parent=7"}],"curies":[{"name":"wp","href":"https:\/\/api.w.org\/{rel}","templated":true}]}}